{"id":3141,"date":"2021-01-07T15:03:04","date_gmt":"2021-01-07T14:03:04","guid":{"rendered":"https:\/\/altimer.fr\/?page_id=3141"},"modified":"2021-01-12T09:54:43","modified_gmt":"2021-01-12T08:54:43","slug":"contact-us","status":"publish","type":"page","link":"https:\/\/altimer.fr\/index.php\/en\/contact-us\/","title":{"rendered":"Contact us"},"content":{"rendered":"\t\t<div data-elementor-type=\"wp-page\" data-elementor-id=\"3141\" class=\"elementor elementor-3141\">\n\t\t\t\t\t\t<section class=\"elementor-section elementor-top-section elementor-element elementor-element-24b2d7d2 elementor-section-content-middle elementor-section-full_width elementor-section-height-default elementor-section-height-default\" data-id=\"24b2d7d2\" data-element_type=\"section\" data-e-type=\"section\" data-settings=\"{&quot;background_background&quot;:&quot;classic&quot;}\">\n\t\t\t\t\t\t<div class=\"elementor-container elementor-column-gap-default\">\n\t\t\t\t\t<div class=\"elementor-column elementor-col-100 elementor-top-column elementor-element elementor-element-30105a39\" data-id=\"30105a39\" data-element_type=\"column\" data-e-type=\"column\">\n\t\t\t<div class=\"elementor-widget-wrap elementor-element-populated\">\n\t\t\t\t\t\t<div class=\"elementor-element elementor-element-66afe424 elementor-widget elementor-widget-heading\" data-id=\"66afe424\" data-element_type=\"widget\" data-e-type=\"widget\" data-widget_type=\"heading.default\">\n\t\t\t\t<div class=\"elementor-widget-container\">\n\t\t\t\t\t<h3 class=\"elementor-heading-title elementor-size-large\"><font size=\"+20\"><span style=\"color: #2097d4\">C<\/span><\/font>ONTACT <font size=\"+20\"><span style=\"color: #2097d4\">U<\/span><\/font>S<font size=\"+20\"><span style=\"color: #2097d4\"><\/span><\/font><\/h3>\t\t\t\t<\/div>\n\t\t\t\t<\/div>\n\t\t\t\t\t<\/div>\n\t\t<\/div>\n\t\t\t\t\t<\/div>\n\t\t<\/section>\n\t\t\t\t<section class=\"elementor-section elementor-top-section elementor-element elementor-element-0774698 elementor-section-boxed elementor-section-height-default elementor-section-height-default\" data-id=\"0774698\" data-element_type=\"section\" data-e-type=\"section\" data-settings=\"{&quot;background_background&quot;:&quot;classic&quot;}\">\n\t\t\t\t\t\t<div class=\"elementor-container elementor-column-gap-default\">\n\t\t\t\t\t<div class=\"elementor-column elementor-col-100 elementor-top-column elementor-element elementor-element-ff3b576\" data-id=\"ff3b576\" data-element_type=\"column\" data-e-type=\"column\">\n\t\t\t<div class=\"elementor-widget-wrap elementor-element-populated\">\n\t\t\t\t\t\t<div class=\"elementor-element elementor-element-018f256 elementor-widget elementor-widget-text-editor\" data-id=\"018f256\" data-element_type=\"widget\" data-e-type=\"widget\" data-widget_type=\"text-editor.default\">\n\t\t\t\t<div class=\"elementor-widget-container\">\n\t\t\t\t\t\t\t\t\t<p><div class=\"wpforms-container wpforms-container-full\" id=\"wpforms-3192\"><form id=\"wpforms-form-3192\" class=\"wpforms-validate wpforms-form wpforms-ajax-form\" data-formid=\"3192\" method=\"post\" enctype=\"multipart\/form-data\" action=\"\/index.php\/wp-json\/wp\/v2\/pages\/3141\" data-token=\"1328e0638f092b36697326ce5c668669\" data-token-time=\"1775272102\"><noscript class=\"wpforms-error-noscript\">Veuillez activer JavaScript dans votre navigateur pour remplir ce formulaire.<\/noscript><div class=\"wpforms-field-container\"><div id=\"wpforms-3192-field_21-container\" class=\"wpforms-field wpforms-field-name\" data-field-id=\"21\"><label class=\"wpforms-field-label\" for=\"wpforms-3192-field_21\">Name <span class=\"wpforms-required-label\">*<\/span><\/label><input type=\"text\" id=\"wpforms-3192-field_21\" class=\"wpforms-field-medium wpforms-field-required\" name=\"wpforms[fields][21]\" required><\/div><div id=\"wpforms-3192-field_1-container\" class=\"wpforms-field wpforms-field-email\" data-field-id=\"1\"><label class=\"wpforms-field-label\" for=\"wpforms-3192-field_1\">Email <span class=\"wpforms-required-label\">*<\/span><\/label><input type=\"email\" id=\"wpforms-3192-field_1\" class=\"wpforms-field-large wpforms-field-required\" name=\"wpforms[fields][1]\" spellcheck=\"false\" required><\/div><div id=\"wpforms-3192-field_12-container\" class=\"wpforms-field wpforms-field-phone\" data-field-id=\"12\"><label class=\"wpforms-field-label\" for=\"wpforms-3192-field_12\">Phone<\/label><input type=\"tel\" id=\"wpforms-3192-field_12\" class=\"wpforms-field-medium wpforms-smart-phone-field\" data-rule-smart-phone-field=\"true\" name=\"wpforms[fields][12]\" aria-label=\"Phone\" ><\/div><div id=\"wpforms-3192-field_14-container\" class=\"wpforms-field wpforms-field-text\" data-field-id=\"14\"><label class=\"wpforms-field-label\" for=\"wpforms-3192-field_14\">Subject of your request <span class=\"wpforms-required-label\">*<\/span><\/label><input type=\"text\" id=\"wpforms-3192-field_14\" class=\"wpforms-field-medium wpforms-field-required\" name=\"wpforms[fields][14]\" required><\/div><div id=\"wpforms-3192-field_13-container\" class=\"wpforms-field wpforms-field-select wpforms-field-select-style-classic\" data-field-id=\"13\"><label class=\"wpforms-field-label\" for=\"wpforms-3192-field_13\">Are you ? <\/label><select id=\"wpforms-3192-field_13\" class=\"wpforms-field-medium\" name=\"wpforms[fields][13]\"><option value=\"A company\"  class=\"choice-1 depth-1\"  >A company<\/option><option value=\"A candidate\"  class=\"choice-2 depth-1\"  >A candidate<\/option><\/select><\/div><div id=\"wpforms-3192-field_2-container\" class=\"wpforms-field wpforms-field-textarea\" data-field-id=\"2\"><label class=\"wpforms-field-label\" for=\"wpforms-3192-field_2\">Message <span class=\"wpforms-required-label\">*<\/span><\/label><textarea id=\"wpforms-3192-field_2\" class=\"wpforms-field-large wpforms-field-required\" name=\"wpforms[fields][2]\" required><\/textarea><\/div><div id=\"wpforms-3192-field_5-container\" class=\"wpforms-field wpforms-field-gdpr-checkbox\" data-field-id=\"5\"><label class=\"wpforms-field-label\">GDPR Agreement <span class=\"wpforms-required-label\">*<\/span><\/label><ul id=\"wpforms-3192-field_5\" class=\"wpforms-field-required\"><li class=\"choice-1\"><input type=\"checkbox\" id=\"wpforms-3192-field_5_1\" name=\"wpforms[fields][5][]\" value=\"I consent to Altimer storing the information sent in order to respond to my request.\" required ><label class=\"wpforms-field-label-inline\" for=\"wpforms-3192-field_5_1\">I consent to Altimer storing the information sent in order to respond to my request.<\/label><\/li><\/ul><\/div><\/div><!-- .wpforms-field-container --><div class=\"wpforms-field wpforms-field-hp\"><label for=\"wpforms-3192-field-hp\" class=\"wpforms-field-label\">Website<\/label><input type=\"text\" name=\"wpforms[hp]\" id=\"wpforms-3192-field-hp\" class=\"wpforms-field-medium\"><\/div><div class=\"wpforms-recaptcha-container wpforms-is-recaptcha wpforms-is-recaptcha-type-v2\" ><div class=\"g-recaptcha\" data-sitekey=\"6LcjHsgUAAAAAERCXEwhbIMJcTUrzcRdV9S9ST20\"><\/div><input type=\"text\" name=\"g-recaptcha-hidden\" class=\"wpforms-recaptcha-hidden\" style=\"position:absolute!important;clip:rect(0,0,0,0)!important;height:1px!important;width:1px!important;border:0!important;overflow:hidden!important;padding:0!important;margin:0!important;\" data-rule-recaptcha=\"1\"><\/div><div class=\"wpforms-submit-container\" ><input type=\"hidden\" name=\"wpforms[id]\" value=\"3192\"><input type=\"hidden\" name=\"page_title\" value=\"\"><input type=\"hidden\" name=\"page_url\" value=\"https:\/\/altimer.fr\/index.php\/wp-json\/wp\/v2\/pages\/3141\"><input type=\"hidden\" name=\"url_referer\" value=\"\"><button type=\"submit\" name=\"wpforms[submit]\" id=\"wpforms-submit-3192\" class=\"wpforms-submit button color1\" data-alt-text=\"Sending...\" data-submit-text=\"SEND\" aria-live=\"assertive\" value=\"wpforms-submit\">SEND<\/button><img decoding=\"async\" src=\"https:\/\/altimer.fr\/altm-content\/plugins\/wpforms\/assets\/images\/submit-spin.svg\" class=\"wpforms-submit-spinner\" style=\"display: none;\" width=\"26\" height=\"26\" alt=\"Chargement en cours\"><\/div><\/form><\/div>  <!-- .wpforms-container --><\/p>\t\t\t\t\t\t\t\t<\/div>\n\t\t\t\t<\/div>\n\t\t\t\t\t<\/div>\n\t\t<\/div>\n\t\t\t\t\t<\/div>\n\t\t<\/section>\n\t\t\t\t<section class=\"elementor-section elementor-top-section elementor-element elementor-element-4f0a8b13 elementor-section-content-middle elementor-section-boxed elementor-section-height-default elementor-section-height-default\" data-id=\"4f0a8b13\" data-element_type=\"section\" data-e-type=\"section\">\n\t\t\t\t\t\t<div class=\"elementor-container elementor-column-gap-no\">\n\t\t\t\t\t<div class=\"elementor-column elementor-col-50 elementor-top-column elementor-element elementor-element-57830860\" data-id=\"57830860\" data-element_type=\"column\" data-e-type=\"column\">\n\t\t\t<div class=\"elementor-widget-wrap elementor-element-populated\">\n\t\t\t\t\t\t<div class=\"elementor-element elementor-element-2e5f01d1 elementor-widget elementor-widget-heading\" data-id=\"2e5f01d1\" data-element_type=\"widget\" data-e-type=\"widget\" data-widget_type=\"heading.default\">\n\t\t\t\t<div class=\"elementor-widget-container\">\n\t\t\t\t\t<h5 class=\"elementor-heading-title elementor-size-default\">our agency <\/h5>\t\t\t\t<\/div>\n\t\t\t\t<\/div>\n\t\t\t\t<div class=\"elementor-element elementor-element-f008596 elementor-widget elementor-widget-heading\" data-id=\"f008596\" data-element_type=\"widget\" data-e-type=\"widget\" data-widget_type=\"heading.default\">\n\t\t\t\t<div class=\"elementor-widget-container\">\n\t\t\t\t\t<h5 class=\"elementor-heading-title elementor-size-default\">11 rue Marius Terc\u00e9, 31300 Saint-Martin Du Touch<\/h5>\t\t\t\t<\/div>\n\t\t\t\t<\/div>\n\t\t\t\t<div class=\"elementor-element elementor-element-c974e2f elementor-widget elementor-widget-heading\" data-id=\"c974e2f\" data-element_type=\"widget\" data-e-type=\"widget\" data-widget_type=\"heading.default\">\n\t\t\t\t<div class=\"elementor-widget-container\">\n\t\t\t\t\t<h5 class=\"elementor-heading-title elementor-size-default\">phone number <\/h5>\t\t\t\t<\/div>\n\t\t\t\t<\/div>\n\t\t\t\t<div class=\"elementor-element elementor-element-ea714e9 elementor-widget elementor-widget-heading\" data-id=\"ea714e9\" data-element_type=\"widget\" data-e-type=\"widget\" data-widget_type=\"heading.default\">\n\t\t\t\t<div class=\"elementor-widget-container\">\n\t\t\t\t\t<h5 class=\"elementor-heading-title elementor-size-default\">05 61 00 27 71<\/h5>\t\t\t\t<\/div>\n\t\t\t\t<\/div>\n\t\t\t\t<div class=\"elementor-element elementor-element-6800d7cd elementor-shape-circle e-grid-align-left elementor-grid-0 elementor-widget elementor-widget-social-icons\" data-id=\"6800d7cd\" data-element_type=\"widget\" data-e-type=\"widget\" data-widget_type=\"social-icons.default\">\n\t\t\t\t<div class=\"elementor-widget-container\">\n\t\t\t\t\t\t\t<div class=\"elementor-social-icons-wrapper elementor-grid\" role=\"list\">\n\t\t\t\t\t\t\t<span class=\"elementor-grid-item\" role=\"listitem\">\n\t\t\t\t\t<a class=\"elementor-icon elementor-social-icon elementor-social-icon-facebook-f elementor-animation-grow elementor-repeater-item-9c86cde\" target=\"_blank\">\n\t\t\t\t\t\t<span class=\"elementor-screen-only\">Facebook-f<\/span>\n\t\t\t\t\t\t<i aria-hidden=\"true\" class=\"fab fa-facebook-f\"><\/i>\t\t\t\t\t<\/a>\n\t\t\t\t<\/span>\n\t\t\t\t\t\t\t<span class=\"elementor-grid-item\" role=\"listitem\">\n\t\t\t\t\t<a class=\"elementor-icon elementor-social-icon elementor-social-icon-twitter elementor-animation-grow elementor-repeater-item-7f0e5c7\" target=\"_blank\">\n\t\t\t\t\t\t<span class=\"elementor-screen-only\">Twitter<\/span>\n\t\t\t\t\t\t<i aria-hidden=\"true\" class=\"fab fa-twitter\"><\/i>\t\t\t\t\t<\/a>\n\t\t\t\t<\/span>\n\t\t\t\t\t\t\t<span class=\"elementor-grid-item\" role=\"listitem\">\n\t\t\t\t\t<a class=\"elementor-icon elementor-social-icon elementor-social-icon-linkedin elementor-animation-grow elementor-repeater-item-177f645\" target=\"_blank\">\n\t\t\t\t\t\t<span class=\"elementor-screen-only\">Linkedin<\/span>\n\t\t\t\t\t\t<i aria-hidden=\"true\" class=\"fab fa-linkedin\"><\/i>\t\t\t\t\t<\/a>\n\t\t\t\t<\/span>\n\t\t\t\t\t<\/div>\n\t\t\t\t\t\t<\/div>\n\t\t\t\t<\/div>\n\t\t\t\t\t<\/div>\n\t\t<\/div>\n\t\t\t\t<div class=\"elementor-column elementor-col-50 elementor-top-column elementor-element elementor-element-1c520e6c\" data-id=\"1c520e6c\" data-element_type=\"column\" data-e-type=\"column\">\n\t\t\t<div class=\"elementor-widget-wrap elementor-element-populated\">\n\t\t\t\t\t\t<div class=\"elementor-element elementor-element-404ebb7f elementor-widget elementor-widget-google_maps\" data-id=\"404ebb7f\" data-element_type=\"widget\" data-e-type=\"widget\" data-widget_type=\"google_maps.default\">\n\t\t\t\t<div class=\"elementor-widget-container\">\n\t\t\t\t\t\t\t<div class=\"elementor-custom-embed\">\n\t\t\t<iframe loading=\"lazy\"\n\t\t\t\t\tsrc=\"https:\/\/maps.google.com\/maps?q=altimer&#038;t=m&#038;z=12&#038;output=embed&#038;iwloc=near\"\n\t\t\t\t\ttitle=\"altimer\"\n\t\t\t\t\taria-label=\"altimer\"\n\t\t\t><\/iframe>\n\t\t<\/div>\n\t\t\t\t\t\t<\/div>\n\t\t\t\t<\/div>\n\t\t\t\t\t<\/div>\n\t\t<\/div>\n\t\t\t\t\t<\/div>\n\t\t<\/section>\n\t\t\t\t<\/div>\n\t\t","protected":false},"excerpt":{"rendered":"<p>CONTACT US our agency 11 rue Marius Terc\u00e9, 31300 Saint-Martin Du Touch phone number 05 61 00 27 71 Facebook-f Twitter Linkedin<\/p>\n","protected":false},"author":4,"featured_media":0,"parent":0,"menu_order":1,"comment_status":"closed","ping_status":"closed","template":"","meta":{"_monsterinsights_skip_tracking":false,"_monsterinsights_sitenote_active":false,"_monsterinsights_sitenote_note":"","_monsterinsights_sitenote_category":0,"footnotes":""},"class_list":["post-3141","page","type-page","status-publish","hentry"],"yoast_head":"<!-- This site is optimized with the Yoast SEO plugin v27.3 - https:\/\/yoast.com\/product\/yoast-seo-wordpress\/ -->\n<title>Altimer - Contactez-nous - L&#039;\u00e9quipe Altimerienne est \u00e0 votre \u00e9coute<\/title>\n<meta name=\"description\" content=\"Vous \u00eates une entreprise ? Vous \u00eates un candidat ? Contactez-nous afin que notre \u00e9quipe r\u00e9ponde \u00e0 toutes vos interrogations et vos demandes.\" \/>\n<meta name=\"robots\" content=\"index, follow, max-snippet:-1, max-image-preview:large, max-video-preview:-1\" \/>\n<link rel=\"canonical\" href=\"https:\/\/altimer.fr\/index.php\/en\/contact-us\/\" \/>\n<meta property=\"og:locale\" content=\"fr_FR\" \/>\n<meta property=\"og:type\" content=\"article\" \/>\n<meta property=\"og:title\" content=\"Altimer - Contactez-nous - L&#039;\u00e9quipe Altimerienne est \u00e0 votre \u00e9coute\" \/>\n<meta property=\"og:description\" content=\"Vous \u00eates une entreprise ? Vous \u00eates un candidat ? Contactez-nous afin que notre \u00e9quipe r\u00e9ponde \u00e0 toutes vos interrogations et vos demandes.\" \/>\n<meta property=\"og:url\" content=\"https:\/\/altimer.fr\/index.php\/en\/contact-us\/\" \/>\n<meta property=\"og:site_name\" content=\"ALTIMER\" \/>\n<meta property=\"article:modified_time\" content=\"2021-01-12T08:54:43+00:00\" \/>\n<meta name=\"twitter:card\" content=\"summary_large_image\" \/>\n<script type=\"application\/ld+json\" class=\"yoast-schema-graph\">{\"@context\":\"https:\\\/\\\/schema.org\",\"@graph\":[{\"@type\":\"WebPage\",\"@id\":\"https:\\\/\\\/altimer.fr\\\/index.php\\\/en\\\/contact-us\\\/\",\"url\":\"https:\\\/\\\/altimer.fr\\\/index.php\\\/en\\\/contact-us\\\/\",\"name\":\"Altimer - Contactez-nous - L'\u00e9quipe Altimerienne est \u00e0 votre \u00e9coute\",\"isPartOf\":{\"@id\":\"https:\\\/\\\/altimer.fr\\\/#website\"},\"datePublished\":\"2021-01-07T14:03:04+00:00\",\"dateModified\":\"2021-01-12T08:54:43+00:00\",\"description\":\"Vous \u00eates une entreprise ? Vous \u00eates un candidat ? Contactez-nous afin que notre \u00e9quipe r\u00e9ponde \u00e0 toutes vos interrogations et vos demandes.\",\"breadcrumb\":{\"@id\":\"https:\\\/\\\/altimer.fr\\\/index.php\\\/en\\\/contact-us\\\/#breadcrumb\"},\"inLanguage\":\"fr-FR\",\"potentialAction\":[{\"@type\":\"ReadAction\",\"target\":[\"https:\\\/\\\/altimer.fr\\\/index.php\\\/en\\\/contact-us\\\/\"]}]},{\"@type\":\"BreadcrumbList\",\"@id\":\"https:\\\/\\\/altimer.fr\\\/index.php\\\/en\\\/contact-us\\\/#breadcrumb\",\"itemListElement\":[{\"@type\":\"ListItem\",\"position\":1,\"name\":\"Accueil\",\"item\":\"https:\\\/\\\/altimer.fr\\\/\"},{\"@type\":\"ListItem\",\"position\":2,\"name\":\"Contact us\"}]},{\"@type\":\"WebSite\",\"@id\":\"https:\\\/\\\/altimer.fr\\\/#website\",\"url\":\"https:\\\/\\\/altimer.fr\\\/\",\"name\":\"ALTIMER\",\"description\":\"Qualit\u00e9, R\u00e9activit\u00e9, Proximit\u00e9\",\"publisher\":{\"@id\":\"https:\\\/\\\/altimer.fr\\\/#organization\"},\"potentialAction\":[{\"@type\":\"SearchAction\",\"target\":{\"@type\":\"EntryPoint\",\"urlTemplate\":\"https:\\\/\\\/altimer.fr\\\/?s={search_term_string}\"},\"query-input\":{\"@type\":\"PropertyValueSpecification\",\"valueRequired\":true,\"valueName\":\"search_term_string\"}}],\"inLanguage\":\"fr-FR\"},{\"@type\":\"Organization\",\"@id\":\"https:\\\/\\\/altimer.fr\\\/#organization\",\"name\":\"ALTIMER\",\"url\":\"https:\\\/\\\/altimer.fr\\\/\",\"logo\":{\"@type\":\"ImageObject\",\"inLanguage\":\"fr-FR\",\"@id\":\"https:\\\/\\\/altimer.fr\\\/#\\\/schema\\\/logo\\\/image\\\/\",\"url\":\"https:\\\/\\\/altimer.fr\\\/altm-content\\\/uploads\\\/2021\\\/05\\\/logo-altimer-detoure.png\",\"contentUrl\":\"https:\\\/\\\/altimer.fr\\\/altm-content\\\/uploads\\\/2021\\\/05\\\/logo-altimer-detoure.png\",\"width\":1897,\"height\":478,\"caption\":\"ALTIMER\"},\"image\":{\"@id\":\"https:\\\/\\\/altimer.fr\\\/#\\\/schema\\\/logo\\\/image\\\/\"}}]}<\/script>\n<!-- \/ Yoast SEO plugin. -->","yoast_head_json":{"title":"Altimer - Contactez-nous - L'\u00e9quipe Altimerienne est \u00e0 votre \u00e9coute","description":"Vous \u00eates une entreprise ? Vous \u00eates un candidat ? Contactez-nous afin que notre \u00e9quipe r\u00e9ponde \u00e0 toutes vos interrogations et vos demandes.","robots":{"index":"index","follow":"follow","max-snippet":"max-snippet:-1","max-image-preview":"max-image-preview:large","max-video-preview":"max-video-preview:-1"},"canonical":"https:\/\/altimer.fr\/index.php\/en\/contact-us\/","og_locale":"fr_FR","og_type":"article","og_title":"Altimer - Contactez-nous - L'\u00e9quipe Altimerienne est \u00e0 votre \u00e9coute","og_description":"Vous \u00eates une entreprise ? Vous \u00eates un candidat ? Contactez-nous afin que notre \u00e9quipe r\u00e9ponde \u00e0 toutes vos interrogations et vos demandes.","og_url":"https:\/\/altimer.fr\/index.php\/en\/contact-us\/","og_site_name":"ALTIMER","article_modified_time":"2021-01-12T08:54:43+00:00","twitter_card":"summary_large_image","schema":{"@context":"https:\/\/schema.org","@graph":[{"@type":"WebPage","@id":"https:\/\/altimer.fr\/index.php\/en\/contact-us\/","url":"https:\/\/altimer.fr\/index.php\/en\/contact-us\/","name":"Altimer - Contactez-nous - L'\u00e9quipe Altimerienne est \u00e0 votre \u00e9coute","isPartOf":{"@id":"https:\/\/altimer.fr\/#website"},"datePublished":"2021-01-07T14:03:04+00:00","dateModified":"2021-01-12T08:54:43+00:00","description":"Vous \u00eates une entreprise ? Vous \u00eates un candidat ? Contactez-nous afin que notre \u00e9quipe r\u00e9ponde \u00e0 toutes vos interrogations et vos demandes.","breadcrumb":{"@id":"https:\/\/altimer.fr\/index.php\/en\/contact-us\/#breadcrumb"},"inLanguage":"fr-FR","potentialAction":[{"@type":"ReadAction","target":["https:\/\/altimer.fr\/index.php\/en\/contact-us\/"]}]},{"@type":"BreadcrumbList","@id":"https:\/\/altimer.fr\/index.php\/en\/contact-us\/#breadcrumb","itemListElement":[{"@type":"ListItem","position":1,"name":"Accueil","item":"https:\/\/altimer.fr\/"},{"@type":"ListItem","position":2,"name":"Contact us"}]},{"@type":"WebSite","@id":"https:\/\/altimer.fr\/#website","url":"https:\/\/altimer.fr\/","name":"ALTIMER","description":"Qualit\u00e9, R\u00e9activit\u00e9, Proximit\u00e9","publisher":{"@id":"https:\/\/altimer.fr\/#organization"},"potentialAction":[{"@type":"SearchAction","target":{"@type":"EntryPoint","urlTemplate":"https:\/\/altimer.fr\/?s={search_term_string}"},"query-input":{"@type":"PropertyValueSpecification","valueRequired":true,"valueName":"search_term_string"}}],"inLanguage":"fr-FR"},{"@type":"Organization","@id":"https:\/\/altimer.fr\/#organization","name":"ALTIMER","url":"https:\/\/altimer.fr\/","logo":{"@type":"ImageObject","inLanguage":"fr-FR","@id":"https:\/\/altimer.fr\/#\/schema\/logo\/image\/","url":"https:\/\/altimer.fr\/altm-content\/uploads\/2021\/05\/logo-altimer-detoure.png","contentUrl":"https:\/\/altimer.fr\/altm-content\/uploads\/2021\/05\/logo-altimer-detoure.png","width":1897,"height":478,"caption":"ALTIMER"},"image":{"@id":"https:\/\/altimer.fr\/#\/schema\/logo\/image\/"}}]}},"_links":{"self":[{"href":"https:\/\/altimer.fr\/index.php\/wp-json\/wp\/v2\/pages\/3141","targetHints":{"allow":["GET"]}}],"collection":[{"href":"https:\/\/altimer.fr\/index.php\/wp-json\/wp\/v2\/pages"}],"about":[{"href":"https:\/\/altimer.fr\/index.php\/wp-json\/wp\/v2\/types\/page"}],"author":[{"embeddable":true,"href":"https:\/\/altimer.fr\/index.php\/wp-json\/wp\/v2\/users\/4"}],"replies":[{"embeddable":true,"href":"https:\/\/altimer.fr\/index.php\/wp-json\/wp\/v2\/comments?post=3141"}],"version-history":[{"count":0,"href":"https:\/\/altimer.fr\/index.php\/wp-json\/wp\/v2\/pages\/3141\/revisions"}],"wp:attachment":[{"href":"https:\/\/altimer.fr\/index.php\/wp-json\/wp\/v2\/media?parent=3141"}],"curies":[{"name":"wp","href":"https:\/\/api.w.org\/{rel}","templated":true}]}}